{"id":192,"date":"2015-08-06T16:29:07","date_gmt":"2015-08-06T19:29:07","guid":{"rendered":"https:\/\/mundosemfim.com\/?page_id=170"},"modified":"2017-07-16T16:19:04","modified_gmt":"2017-07-16T19:19:04","slug":"nosso-roteiro-de-volta-ao-mundo","status":"publish","type":"page","link":"https:\/\/mundosemfim.com\/?page_id=192","title":{"rendered":"Nosso roteiro de volta ao mundo!"},"content":{"rendered":"<p>N\u00f3s n\u00e3o estamos viajando com um roteiro bem definido, porque gostamos de chegar nos lugares e pedir a opini\u00e3o dos moradores locais. Desta forma, descobrimos cada lugar encantador que n\u00e3o est\u00e1 nos livros de turismo!<\/p>\n<p>Um esbo\u00e7o do caminho que pretendemos fazer \u00e9 este:<\/p>\n<figure id=\"attachment_198\" aria-describedby=\"caption-attachment-198\" style=\"width: 764px\" class=\"wp-caption aligncenter\"><img data-recalc-dims=\"1\" loading=\"lazy\" decoding=\"async\" data-attachment-id=\"198\" data-permalink=\"https:\/\/mundosemfim.com\/?attachment_id=198\" data-orig-file=\"https:\/\/i0.wp.com\/mundosemfim.com\/wp-content\/uploads\/2015\/08\/roteiro-com-legenda.png?fit=1589%2C703&amp;ssl=1\" data-orig-size=\"1589,703\" data-comments-opened=\"1\" data-image-meta=\"{&quot;aperture&quot;:&quot;0&quot;,&quot;credit&quot;:&quot;&quot;,&quot;camera&quot;:&quot;&quot;,&quot;caption&quot;:&quot;&quot;,&quot;created_timestamp&quot;:&quot;0&quot;,&quot;copyright&quot;:&quot;&quot;,&quot;focal_length&quot;:&quot;0&quot;,&quot;iso&quot;:&quot;0&quot;,&quot;shutter_speed&quot;:&quot;0&quot;,&quot;title&quot;:&quot;&quot;,&quot;orientation&quot;:&quot;0&quot;}\" data-image-title=\"Nosso roteiro de viagem de volta ao mundo\" data-image-description=\"\" data-image-caption=\"&lt;p&gt;Nosso roteiro de viagem de volta ao mundo &amp;#8211; RTW&lt;\/p&gt;\n\" data-large-file=\"https:\/\/i0.wp.com\/mundosemfim.com\/wp-content\/uploads\/2015\/08\/roteiro-com-legenda.png?fit=764%2C338&amp;ssl=1\" class=\"size-large wp-image-198\" src=\"https:\/\/i0.wp.com\/mundosemfim.com\/wp-content\/uploads\/2015\/08\/roteiro-com-legenda.png?resize=764%2C338&#038;ssl=1\" alt=\"Nosso roteiro de viagem de volta ao mundo - RTW\" width=\"764\" height=\"338\" srcset=\"https:\/\/i0.wp.com\/mundosemfim.com\/wp-content\/uploads\/2015\/08\/roteiro-com-legenda.png?resize=1024%2C453&amp;ssl=1 1024w, https:\/\/i0.wp.com\/mundosemfim.com\/wp-content\/uploads\/2015\/08\/roteiro-com-legenda.png?resize=300%2C133&amp;ssl=1 300w, https:\/\/i0.wp.com\/mundosemfim.com\/wp-content\/uploads\/2015\/08\/roteiro-com-legenda.png?resize=768%2C340&amp;ssl=1 768w, https:\/\/i0.wp.com\/mundosemfim.com\/wp-content\/uploads\/2015\/08\/roteiro-com-legenda.png?resize=660%2C292&amp;ssl=1 660w, https:\/\/i0.wp.com\/mundosemfim.com\/wp-content\/uploads\/2015\/08\/roteiro-com-legenda.png?w=1589&amp;ssl=1 1589w, https:\/\/i0.wp.com\/mundosemfim.com\/wp-content\/uploads\/2015\/08\/roteiro-com-legenda.png?w=1528&amp;ssl=1 1528w\" sizes=\"auto, (max-width: 764px) 100vw, 764px\" \/><figcaption id=\"caption-attachment-198\" class=\"wp-caption-text\">Nosso roteiro de viagem de volta ao mundo &#8211; RTW<\/figcaption><\/figure>\n<p>Estes s\u00e3o os pa\u00edses por onde j\u00e1 passamos:<\/p>\n<figure id=\"attachment_6238\" aria-describedby=\"caption-attachment-6238\" style=\"width: 1469px\" class=\"wp-caption aligncenter\"><img data-recalc-dims=\"1\" loading=\"lazy\" decoding=\"async\" data-attachment-id=\"6238\" data-permalink=\"https:\/\/mundosemfim.com\/?attachment_id=6238\" data-orig-file=\"https:\/\/i0.wp.com\/mundosemfim.com\/wp-content\/uploads\/2015\/08\/nossomapaatualmexico.jpg?fit=1469%2C698&amp;ssl=1\" data-orig-size=\"1469,698\" data-comments-opened=\"1\" data-image-meta=\"{&quot;aperture&quot;:&quot;0&quot;,&quot;credit&quot;:&quot;&quot;,&quot;camera&quot;:&quot;&quot;,&quot;caption&quot;:&quot;&quot;,&quot;created_timestamp&quot;:&quot;0&quot;,&quot;copyright&quot;:&quot;&quot;,&quot;focal_length&quot;:&quot;0&quot;,&quot;iso&quot;:&quot;0&quot;,&quot;shutter_speed&quot;:&quot;0&quot;,&quot;title&quot;:&quot;&quot;,&quot;orientation&quot;:&quot;0&quot;}\" data-image-title=\"Mapa\" data-image-description=\"\" data-image-caption=\"&lt;p&gt;Pa\u00edses por onde j\u00e1 passamos. Atualmente no M\u00e9xico!&lt;\/p&gt;\n\" data-large-file=\"https:\/\/i0.wp.com\/mundosemfim.com\/wp-content\/uploads\/2015\/08\/nossomapaatualmexico.jpg?fit=764%2C363&amp;ssl=1\" class=\"size-full wp-image-6238\" src=\"https:\/\/i0.wp.com\/mundosemfim.com\/wp-content\/uploads\/2015\/08\/nossomapaatualmexico.jpg?resize=764%2C363&#038;ssl=1\" alt=\"\" width=\"764\" height=\"363\" srcset=\"https:\/\/i0.wp.com\/mundosemfim.com\/wp-content\/uploads\/2015\/08\/nossomapaatualmexico.jpg?w=1469&amp;ssl=1 1469w, https:\/\/i0.wp.com\/mundosemfim.com\/wp-content\/uploads\/2015\/08\/nossomapaatualmexico.jpg?resize=300%2C143&amp;ssl=1 300w, https:\/\/i0.wp.com\/mundosemfim.com\/wp-content\/uploads\/2015\/08\/nossomapaatualmexico.jpg?resize=768%2C365&amp;ssl=1 768w, https:\/\/i0.wp.com\/mundosemfim.com\/wp-content\/uploads\/2015\/08\/nossomapaatualmexico.jpg?resize=1024%2C487&amp;ssl=1 1024w\" sizes=\"auto, (max-width: 764px) 100vw, 764px\" \/><figcaption id=\"caption-attachment-6238\" class=\"wp-caption-text\">Pa\u00edses por onde j\u00e1 passamos. Atualmente no M\u00e9xico!<\/figcaption><\/figure>\n<p>Se quiser ver o mapa mais detalhado de por onde passamos, acesse o link abaixo:<\/p>\n<p><a href=\"https:\/\/www.tripline.net\/trip\/Nossa_volta_ao_mundo-7730340117101011B90397F66D382642\">https:\/\/www.tripline.net\/trip\/Nossa_volta_ao_mundo-7730340117101011B90397F66D382642<\/a><\/p>\n<p>E, para saber quanto j\u00e1 gastamos at\u00e9 agora, todo o m\u00eas atualizamos nossa planilha:<\/p>\n<p><a href=\"https:\/\/mundosemfim.com\/planilha-de-gastos\/\">Planilha de Gastos da Viagem<\/a><\/p>\n<p>Querem nos acompanhar? Sigam a gente por aqui, ou no face (<a href=\"http:\/\/www.facebook.com\/mundosemfimoficial\">http:\/\/www.facebook.com\/mundosemfimoficial<\/a>) e no Instagram (@mundosf)!<\/p>\n<p>\ud83d\ude42<\/p>\n<p><span style=\"border-radius: 2px; text-indent: 20px; width: auto; padding: 0px 4px 0px 0px; text-align: center; font: bold 11px\/20px 'Helvetica Neue',Helvetica,sans-serif; color: #ffffff; background: #bd081c no-repeat scroll 3px 50% \/ 14px 14px; position: absolute; opacity: 1; z-index: 8675309; display: none; cursor: pointer; top: 140px; left: 51px;\">Salvar<\/span><\/p>\n<p><span style=\"border-radius: 2px; text-indent: 20px; width: auto; padding: 0px 4px 0px 0px; text-align: center; font: bold 11px\/20px 'Helvetica Neue',Helvetica,sans-serif; color: #ffffff; background: #bd081c  no-repeat scroll 3px 50% \/ 14px 14px; position: absolute; opacity: 1; z-index: 8675309; display: none; cursor: pointer; top: 562px; left: 20px;\">Salvar<\/span><\/p>\n","protected":false},"excerpt":{"rendered":"<p>N\u00f3s n\u00e3o estamos viajando com um roteiro bem definido, porque gostamos de chegar nos lugares e pedir a opini\u00e3o dos moradores locais. Desta forma, descobrimos cada lugar encantador que n\u00e3o est\u00e1 nos livros de turismo! Um esbo\u00e7o do caminho que pretendemos fazer \u00e9 este: Estes s\u00e3o os pa\u00edses por onde j\u00e1 passamos: Se quiser ver [&hellip;]<\/p>\n","protected":false},"author":1,"featured_media":193,"parent":0,"menu_order":0,"comment_status":"open","ping_status":"open","template":"","meta":{"jetpack_post_was_ever_published":false,"footnotes":""},"tags":[],"class_list":["post-192","page","type-page","status-publish","has-post-thumbnail","hentry"],"yoast_head":"<!-- This site is optimized with the Yoast SEO plugin v27.4 - https:\/\/yoast.com\/product\/yoast-seo-wordpress\/ -->\n<title>Nosso roteiro de volta ao mundo! - Mundo Sem Fim<\/title>\n<meta name=\"robots\" content=\"index, follow, max-snippet:-1, max-image-preview:large, max-video-preview:-1\" \/>\n<link rel=\"canonical\" href=\"https:\/\/mundosemfim.com\/?page_id=192\" \/>\n<meta property=\"og:locale\" content=\"pt_BR\" \/>\n<meta property=\"og:type\" content=\"article\" \/>\n<meta property=\"og:title\" content=\"Nosso roteiro de volta ao mundo! - Mundo Sem Fim\" \/>\n<meta property=\"og:description\" content=\"N\u00f3s n\u00e3o estamos viajando com um roteiro bem definido, porque gostamos de chegar nos lugares e pedir a opini\u00e3o dos moradores locais. Desta forma, descobrimos cada lugar encantador que n\u00e3o est\u00e1 nos livros de turismo! Um esbo\u00e7o do caminho que pretendemos fazer \u00e9 este: Estes s\u00e3o os pa\u00edses por onde j\u00e1 passamos: Se quiser ver [&hellip;]\" \/>\n<meta property=\"og:url\" content=\"https:\/\/mundosemfim.com\/?page_id=192\" \/>\n<meta property=\"og:site_name\" content=\"Mundo Sem Fim\" \/>\n<meta property=\"article:publisher\" content=\"http:\/\/www.facebook.com\/mundosemfimoficial\" \/>\n<meta property=\"article:modified_time\" content=\"2017-07-16T19:19:04+00:00\" \/>\n<meta name=\"twitter:card\" content=\"summary_large_image\" \/>\n<meta name=\"twitter:image\" content=\"https:\/\/i0.wp.com\/mundosemfim.com\/wp-content\/uploads\/2015\/08\/roteiro.png?fit=%2C&ssl=1\" \/>\n<meta name=\"twitter:label1\" content=\"Est. tempo de leitura\" \/>\n\t<meta name=\"twitter:data1\" content=\"1 minuto\" \/>\n<script type=\"application\/ld+json\" class=\"yoast-schema-graph\">{\"@context\":\"https:\\\/\\\/schema.org\",\"@graph\":[{\"@type\":\"WebPage\",\"@id\":\"https:\\\/\\\/mundosemfim.com\\\/?page_id=192\",\"url\":\"https:\\\/\\\/mundosemfim.com\\\/?page_id=192\",\"name\":\"Nosso roteiro de volta ao mundo! - Mundo Sem Fim\",\"isPartOf\":{\"@id\":\"https:\\\/\\\/mundosemfim.com\\\/#website\"},\"primaryImageOfPage\":{\"@id\":\"https:\\\/\\\/mundosemfim.com\\\/?page_id=192#primaryimage\"},\"image\":{\"@id\":\"https:\\\/\\\/mundosemfim.com\\\/?page_id=192#primaryimage\"},\"thumbnailUrl\":\"https:\\\/\\\/i0.wp.com\\\/mundosemfim.com\\\/wp-content\\\/uploads\\\/2015\\\/08\\\/roteiro.png?fit=%2C&ssl=1\",\"datePublished\":\"2015-08-06T19:29:07+00:00\",\"dateModified\":\"2017-07-16T19:19:04+00:00\",\"breadcrumb\":{\"@id\":\"https:\\\/\\\/mundosemfim.com\\\/?page_id=192#breadcrumb\"},\"inLanguage\":\"pt-BR\",\"potentialAction\":[{\"@type\":\"ReadAction\",\"target\":[\"https:\\\/\\\/mundosemfim.com\\\/?page_id=192\"]}]},{\"@type\":\"ImageObject\",\"inLanguage\":\"pt-BR\",\"@id\":\"https:\\\/\\\/mundosemfim.com\\\/?page_id=192#primaryimage\",\"url\":\"https:\\\/\\\/i0.wp.com\\\/mundosemfim.com\\\/wp-content\\\/uploads\\\/2015\\\/08\\\/roteiro.png?fit=%2C&ssl=1\",\"contentUrl\":\"https:\\\/\\\/i0.wp.com\\\/mundosemfim.com\\\/wp-content\\\/uploads\\\/2015\\\/08\\\/roteiro.png?fit=%2C&ssl=1\",\"caption\":\"Roteiro de nossa viagem de volta ao mundo (RTW)!\"},{\"@type\":\"BreadcrumbList\",\"@id\":\"https:\\\/\\\/mundosemfim.com\\\/?page_id=192#breadcrumb\",\"itemListElement\":[{\"@type\":\"ListItem\",\"position\":1,\"name\":\"In\u00edcio\",\"item\":\"https:\\\/\\\/mundosemfim.com\\\/\"},{\"@type\":\"ListItem\",\"position\":2,\"name\":\"Nosso roteiro de volta ao mundo!\"}]},{\"@type\":\"WebSite\",\"@id\":\"https:\\\/\\\/mundosemfim.com\\\/#website\",\"url\":\"https:\\\/\\\/mundosemfim.com\\\/\",\"name\":\"Mundo Sem Fim\",\"description\":\"uma viagem de volta ao mundo pelos 5 continentes!\",\"potentialAction\":[{\"@type\":\"SearchAction\",\"target\":{\"@type\":\"EntryPoint\",\"urlTemplate\":\"https:\\\/\\\/mundosemfim.com\\\/?s={search_term_string}\"},\"query-input\":{\"@type\":\"PropertyValueSpecification\",\"valueRequired\":true,\"valueName\":\"search_term_string\"}}],\"inLanguage\":\"pt-BR\"}]}<\/script>\n<!-- \/ Yoast SEO plugin. -->","yoast_head_json":{"title":"Nosso roteiro de volta ao mundo! - Mundo Sem Fim","robots":{"index":"index","follow":"follow","max-snippet":"max-snippet:-1","max-image-preview":"max-image-preview:large","max-video-preview":"max-video-preview:-1"},"canonical":"https:\/\/mundosemfim.com\/?page_id=192","og_locale":"pt_BR","og_type":"article","og_title":"Nosso roteiro de volta ao mundo! - Mundo Sem Fim","og_description":"N\u00f3s n\u00e3o estamos viajando com um roteiro bem definido, porque gostamos de chegar nos lugares e pedir a opini\u00e3o dos moradores locais. Desta forma, descobrimos cada lugar encantador que n\u00e3o est\u00e1 nos livros de turismo! Um esbo\u00e7o do caminho que pretendemos fazer \u00e9 este: Estes s\u00e3o os pa\u00edses por onde j\u00e1 passamos: Se quiser ver [&hellip;]","og_url":"https:\/\/mundosemfim.com\/?page_id=192","og_site_name":"Mundo Sem Fim","article_publisher":"http:\/\/www.facebook.com\/mundosemfimoficial","article_modified_time":"2017-07-16T19:19:04+00:00","twitter_card":"summary_large_image","twitter_image":"https:\/\/i0.wp.com\/mundosemfim.com\/wp-content\/uploads\/2015\/08\/roteiro.png?fit=%2C&ssl=1","twitter_misc":{"Est. tempo de leitura":"1 minuto"},"schema":{"@context":"https:\/\/schema.org","@graph":[{"@type":"WebPage","@id":"https:\/\/mundosemfim.com\/?page_id=192","url":"https:\/\/mundosemfim.com\/?page_id=192","name":"Nosso roteiro de volta ao mundo! - Mundo Sem Fim","isPartOf":{"@id":"https:\/\/mundosemfim.com\/#website"},"primaryImageOfPage":{"@id":"https:\/\/mundosemfim.com\/?page_id=192#primaryimage"},"image":{"@id":"https:\/\/mundosemfim.com\/?page_id=192#primaryimage"},"thumbnailUrl":"https:\/\/i0.wp.com\/mundosemfim.com\/wp-content\/uploads\/2015\/08\/roteiro.png?fit=%2C&ssl=1","datePublished":"2015-08-06T19:29:07+00:00","dateModified":"2017-07-16T19:19:04+00:00","breadcrumb":{"@id":"https:\/\/mundosemfim.com\/?page_id=192#breadcrumb"},"inLanguage":"pt-BR","potentialAction":[{"@type":"ReadAction","target":["https:\/\/mundosemfim.com\/?page_id=192"]}]},{"@type":"ImageObject","inLanguage":"pt-BR","@id":"https:\/\/mundosemfim.com\/?page_id=192#primaryimage","url":"https:\/\/i0.wp.com\/mundosemfim.com\/wp-content\/uploads\/2015\/08\/roteiro.png?fit=%2C&ssl=1","contentUrl":"https:\/\/i0.wp.com\/mundosemfim.com\/wp-content\/uploads\/2015\/08\/roteiro.png?fit=%2C&ssl=1","caption":"Roteiro de nossa viagem de volta ao mundo (RTW)!"},{"@type":"BreadcrumbList","@id":"https:\/\/mundosemfim.com\/?page_id=192#breadcrumb","itemListElement":[{"@type":"ListItem","position":1,"name":"In\u00edcio","item":"https:\/\/mundosemfim.com\/"},{"@type":"ListItem","position":2,"name":"Nosso roteiro de volta ao mundo!"}]},{"@type":"WebSite","@id":"https:\/\/mundosemfim.com\/#website","url":"https:\/\/mundosemfim.com\/","name":"Mundo Sem Fim","description":"uma viagem de volta ao mundo pelos 5 continentes!","potentialAction":[{"@type":"SearchAction","target":{"@type":"EntryPoint","urlTemplate":"https:\/\/mundosemfim.com\/?s={search_term_string}"},"query-input":{"@type":"PropertyValueSpecification","valueRequired":true,"valueName":"search_term_string"}}],"inLanguage":"pt-BR"}]}},"jetpack_sharing_enabled":true,"jetpack_shortlink":"https:\/\/wp.me\/P7CQyF-36","jetpack-related-posts":[{"id":4597,"url":"https:\/\/mundosemfim.com\/?page_id=4597","url_meta":{"origin":192,"position":0},"title":"Quanto custa uma viagem de volta ao mundo?","author":"Renan","date":"novembro 9, 2016","format":false,"excerpt":"Quer saber quanto custa uma volta ao mundo? Aqui vamos compartilhando com voc\u00eas o andamento da nossa viagem, assim como os nossos gastos at\u00e9 agora! **\u00faltima atualiza\u00e7\u00e3o: 01\/05\/2019** Este \u00e9 o mapa do que j\u00e1 viajamos at\u00e9 o momento: Se quiser dar uma olhada no mapa com mais detalhes, de\u2026","rel":"","context":"Em \"gastos\"","block_context":{"text":"gastos","link":"https:\/\/mundosemfim.com\/?tag=gastos"},"img":{"alt_text":"Roteiro volta ao mundo","src":"https:\/\/i0.wp.com\/mundosemfim.com\/wp-content\/uploads\/2018\/08\/mapa.jpg?fit=823%2C485&ssl=1&resize=350%2C200","width":350,"height":200,"srcset":"https:\/\/i0.wp.com\/mundosemfim.com\/wp-content\/uploads\/2018\/08\/mapa.jpg?fit=823%2C485&ssl=1&resize=350%2C200 1x, https:\/\/i0.wp.com\/mundosemfim.com\/wp-content\/uploads\/2018\/08\/mapa.jpg?fit=823%2C485&ssl=1&resize=525%2C300 1.5x, https:\/\/i0.wp.com\/mundosemfim.com\/wp-content\/uploads\/2018\/08\/mapa.jpg?fit=823%2C485&ssl=1&resize=700%2C400 2x"},"classes":[]},{"id":2555,"url":"https:\/\/mundosemfim.com\/?page_id=2555","url_meta":{"origin":192,"position":1},"title":"Patrim\u00f4nios da UNESCO","author":"Renan","date":"maio 17, 2016","format":false,"excerpt":"A lista dos Patrim\u00f4nios da UNESCO que j\u00e1 visitamos at\u00e9 agora em cada pa\u00eds durante nossa volta ao mundo! (colocamos em ordem dos pa\u00edses que passamos): Argentina Cueva de las Manos Parque Nacional Los Glaciares Uruguai Centro Hist\u00f3rico de Colonia del Sacramento Chile Igrejas de Chilo\u00e9 Cidade Abandonada de Sewell\u2026","rel":"","context":"Em \"featured\"","block_context":{"text":"featured","link":"https:\/\/mundosemfim.com\/?tag=featured"},"img":{"alt_text":"Edif\u00edcio Caracol, Chich\u00e9n Itz\u00e1","src":"https:\/\/i0.wp.com\/mundosemfim.com\/wp-content\/uploads\/2017\/08\/DSC_0094-1.jpg?fit=900%2C600&ssl=1&resize=350%2C200","width":350,"height":200,"srcset":"https:\/\/i0.wp.com\/mundosemfim.com\/wp-content\/uploads\/2017\/08\/DSC_0094-1.jpg?fit=900%2C600&ssl=1&resize=350%2C200 1x, https:\/\/i0.wp.com\/mundosemfim.com\/wp-content\/uploads\/2017\/08\/DSC_0094-1.jpg?fit=900%2C600&ssl=1&resize=525%2C300 1.5x, https:\/\/i0.wp.com\/mundosemfim.com\/wp-content\/uploads\/2017\/08\/DSC_0094-1.jpg?fit=900%2C600&ssl=1&resize=700%2C400 2x"},"classes":[]},{"id":7672,"url":"https:\/\/mundosemfim.com\/?page_id=7672","url_meta":{"origin":192,"position":2},"title":"Volta ao mundo &#8211; perguntas mais frequentes","author":"Renan","date":"fevereiro 18, 2018","format":false,"excerpt":"Muita gente tem nos mandado v\u00e1rias perguntas sobre a viagem. Como fazemos com o dinheiro, como \u00e9 a quest\u00e3o da sa\u00fade e da seguran\u00e7a, etc. Aqui listamos as principais d\u00favidas do pessoal: Qual seguro de sa\u00fade voc\u00eas usam? Nenhum. N\u00f3s avaliamos e optamos por correr o risco de viajar sem,\u2026","rel":"","context":"Em \"FAQ\"","block_context":{"text":"FAQ","link":"https:\/\/mundosemfim.com\/?tag=faq"},"img":{"alt_text":"","src":"https:\/\/i0.wp.com\/mundosemfim.com\/wp-content\/uploads\/2018\/02\/faq-2639673_1280.jpg?fit=1200%2C533&ssl=1&resize=350%2C200","width":350,"height":200,"srcset":"https:\/\/i0.wp.com\/mundosemfim.com\/wp-content\/uploads\/2018\/02\/faq-2639673_1280.jpg?fit=1200%2C533&ssl=1&resize=350%2C200 1x, https:\/\/i0.wp.com\/mundosemfim.com\/wp-content\/uploads\/2018\/02\/faq-2639673_1280.jpg?fit=1200%2C533&ssl=1&resize=525%2C300 1.5x, https:\/\/i0.wp.com\/mundosemfim.com\/wp-content\/uploads\/2018\/02\/faq-2639673_1280.jpg?fit=1200%2C533&ssl=1&resize=700%2C400 2x, https:\/\/i0.wp.com\/mundosemfim.com\/wp-content\/uploads\/2018\/02\/faq-2639673_1280.jpg?fit=1200%2C533&ssl=1&resize=1050%2C600 3x"},"classes":[]},{"id":141,"url":"https:\/\/mundosemfim.com\/?page_id=141","url_meta":{"origin":192,"position":3},"title":"Sobre","author":"Renan","date":"maio 17, 2015","format":false,"excerpt":"Assim como a maioria das pessoas, n\u00f3s tamb\u00e9m somos apaixonados por viagens. Como um m\u00eas de f\u00e9rias por ano j\u00e1 n\u00e3o era mais\u00a0suficiente para saciar nossa sede por estradas, decidimos largar nossos\u00a0empregos, fam\u00edlias e o conforto de nosso lar para viajar pelos cinco continentes. No dia 29 de setembro de\u2026","rel":"","context":"Com 154 coment\u00e1rios","block_context":{"text":"Com 154 coment\u00e1rios","link":"https:\/\/mundosemfim.com\/?page_id=141#comments"},"img":{"alt_text":"","src":"https:\/\/i0.wp.com\/mundosemfim.com\/wp-content\/uploads\/2015\/05\/53-machu-picchu.jpg?resize=350%2C200&ssl=1","width":350,"height":200,"srcset":"https:\/\/i0.wp.com\/mundosemfim.com\/wp-content\/uploads\/2015\/05\/53-machu-picchu.jpg?resize=350%2C200&ssl=1 1x, https:\/\/i0.wp.com\/mundosemfim.com\/wp-content\/uploads\/2015\/05\/53-machu-picchu.jpg?resize=525%2C300&ssl=1 1.5x, https:\/\/i0.wp.com\/mundosemfim.com\/wp-content\/uploads\/2015\/05\/53-machu-picchu.jpg?resize=700%2C400&ssl=1 2x, https:\/\/i0.wp.com\/mundosemfim.com\/wp-content\/uploads\/2015\/05\/53-machu-picchu.jpg?resize=1050%2C600&ssl=1 3x"},"classes":[]},{"id":3431,"url":"https:\/\/mundosemfim.com\/?page_id=3431","url_meta":{"origin":192,"position":4},"title":"Maravilhas do Mundo","author":"Renan","date":"junho 11, 2016","format":false,"excerpt":"A lista das 7 Maravilhas do Mundo que j\u00e1 visitamos durante nossa viagem de volta ao mundo! 7 Maravilhas do Mundo Moderno Machu Picchu (Peru)","rel":"","context":"Post similar","block_context":{"text":"Post similar","link":""},"img":{"alt_text":"","src":"","width":0,"height":0},"classes":[]},{"id":3559,"url":"https:\/\/mundosemfim.com\/?page_id=3559","url_meta":{"origin":192,"position":5},"title":"Como entrar em Machu Picchu sem pagar","author":"Renan","date":"junho 16, 2016","format":false,"excerpt":"Sempre, em discuss\u00f5es de mochileiros pelo Peru, surge o assunto: \u00e9 poss\u00edvel entrar em Machu Picchu sem pagar? Sim, algumas pessoas conseguem fazer isso. Ainda que seja muito arriscado,\u00a0aqui discutimos um pouco este assunto. Antes de escrever este artigo, pensamos v\u00e1rias vezes se dever\u00edamos public\u00e1-lo ou n\u00e3o. Apesar de sermos\u2026","rel":"","context":"Em \"machu picchu sem pagar\"","block_context":{"text":"machu picchu sem pagar","link":"https:\/\/mundosemfim.com\/?tag=machu-picchu-sem-pagar"},"img":{"alt_text":"","src":"https:\/\/i0.wp.com\/mundosemfim.com\/wp-content\/uploads\/2016\/06\/caminho-trilha-inca.png?fit=960%2C624&ssl=1&resize=350%2C200","width":350,"height":200,"srcset":"https:\/\/i0.wp.com\/mundosemfim.com\/wp-content\/uploads\/2016\/06\/caminho-trilha-inca.png?fit=960%2C624&ssl=1&resize=350%2C200 1x, https:\/\/i0.wp.com\/mundosemfim.com\/wp-content\/uploads\/2016\/06\/caminho-trilha-inca.png?fit=960%2C624&ssl=1&resize=525%2C300 1.5x, https:\/\/i0.wp.com\/mundosemfim.com\/wp-content\/uploads\/2016\/06\/caminho-trilha-inca.png?fit=960%2C624&ssl=1&resize=700%2C400 2x"},"classes":[]}],"_links":{"self":[{"href":"https:\/\/mundosemfim.com\/index.php?rest_route=\/wp\/v2\/pages\/192","targetHints":{"allow":["GET"]}}],"collection":[{"href":"https:\/\/mundosemfim.com\/index.php?rest_route=\/wp\/v2\/pages"}],"about":[{"href":"https:\/\/mundosemfim.com\/index.php?rest_route=\/wp\/v2\/types\/page"}],"author":[{"embeddable":true,"href":"https:\/\/mundosemfim.com\/index.php?rest_route=\/wp\/v2\/users\/1"}],"replies":[{"embeddable":true,"href":"https:\/\/mundosemfim.com\/index.php?rest_route=%2Fwp%2Fv2%2Fcomments&post=192"}],"version-history":[{"count":13,"href":"https:\/\/mundosemfim.com\/index.php?rest_route=\/wp\/v2\/pages\/192\/revisions"}],"predecessor-version":[{"id":6239,"href":"https:\/\/mundosemfim.com\/index.php?rest_route=\/wp\/v2\/pages\/192\/revisions\/6239"}],"wp:featuredmedia":[{"embeddable":true,"href":"https:\/\/mundosemfim.com\/index.php?rest_route=\/wp\/v2\/media\/193"}],"wp:attachment":[{"href":"https:\/\/mundosemfim.com\/index.php?rest_route=%2Fwp%2Fv2%2Fmedia&parent=192"}],"wp:term":[{"taxonomy":"post_tag","embeddable":true,"href":"https:\/\/mundosemfim.com\/index.php?rest_route=%2Fwp%2Fv2%2Ftags&post=192"}],"curies":[{"name":"wp","href":"https:\/\/api.w.org\/{rel}","templated":true}]}}