{"id":141,"date":"2015-05-17T20:33:22","date_gmt":"2015-05-17T20:33:22","guid":{"rendered":"http:\/\/omundosemfim.wordpress.com\/?page_id=1"},"modified":"2020-04-20T15:57:50","modified_gmt":"2020-04-20T18:57:50","slug":"sobre","status":"publish","type":"page","link":"https:\/\/mundosemfim.com\/?page_id=141","title":{"rendered":"Sobre"},"content":{"rendered":"<p>Assim como a maioria das pessoas, n\u00f3s tamb\u00e9m somos apaixonados por viagens.<\/p>\n<p>Como um m\u00eas de f\u00e9rias por ano j\u00e1 n\u00e3o era mais\u00a0suficiente para saciar nossa sede por estradas, decidimos largar nossos\u00a0empregos, fam\u00edlias e o conforto de nosso lar para viajar pelos cinco continentes.<\/p>\n<p>No dia 29 de setembro de 2015 deixamos o Brasil para tr\u00e1s e ca\u00edmos na estrada.<\/p>\n<p>Levando apenas algumas roupas, uma barraca e uma mochila cada um, pretendemos percorrer as Am\u00e9ricas, \u00c1frica, Oriente M\u00e9dio, \u00c1sia, Europa e Oceania gastando o menos poss\u00edvel.<\/p>\n<p>Para diminuir os custos e conhecer ao m\u00e1ximo a cada\u00a0pa\u00eds, estamos evitando viajar de avi\u00e3o,\u00a0dando prefer\u00eancia a\u00a0\u00f4nibus, vans, trens e at\u00e9 carona quando\u00a0for poss\u00edvel. Como hospedagem e alimenta\u00e7\u00e3o, vamos fugir dos hot\u00e9is chiques, resorts e restaurantes de luxo\u00a0e procurar estar em maior contato com a popula\u00e7\u00e3o e a cultura local.<\/p>\n<p>Compartilharemos aqui nossas experi\u00eancias e esperamos que, de alguma forma, nossa viagem estimule outras\u00a0pessoas a fazerem o mesmo.<\/p>\n<p>Venham com a gente!<\/p>\n<p><em>&#8220;Um dia \u00e9 preciso parar de sonhar e, de alguma forma, partir&#8221;<\/em> &#8211; Amyr Klink<\/p>\n<figure id=\"attachment_3515\" aria-describedby=\"caption-attachment-3515\" style=\"width: 1231px\" class=\"wp-caption aligncenter\"><img data-recalc-dims=\"1\" loading=\"lazy\" decoding=\"async\" data-attachment-id=\"3515\" data-permalink=\"https:\/\/mundosemfim.com\/?attachment_id=3515\" data-orig-file=\"https:\/\/i0.wp.com\/mundosemfim.com\/wp-content\/uploads\/2015\/05\/53-machu-picchu.jpg?fit=1231%2C821&amp;ssl=1\" data-orig-size=\"1231,821\" data-comments-opened=\"1\" data-image-meta=\"{&quot;aperture&quot;:&quot;3.9&quot;,&quot;credit&quot;:&quot;&quot;,&quot;camera&quot;:&quot;TG-630&quot;,&quot;caption&quot;:&quot;OLYMPUS DIGITAL CAMERA&quot;,&quot;created_timestamp&quot;:&quot;1465035857&quot;,&quot;copyright&quot;:&quot;&quot;,&quot;focal_length&quot;:&quot;5&quot;,&quot;iso&quot;:&quot;100&quot;,&quot;shutter_speed&quot;:&quot;0.003125&quot;,&quot;title&quot;:&quot;OLYMPUS DIGITAL CAMERA&quot;,&quot;orientation&quot;:&quot;1&quot;}\" data-image-title=\"Machu Picchu\" data-image-description=\"\" data-image-caption=\"&lt;p&gt;Michele, Renan e Mucuvinha em Machu Picchu&lt;\/p&gt;\n\" data-large-file=\"https:\/\/i0.wp.com\/mundosemfim.com\/wp-content\/uploads\/2015\/05\/53-machu-picchu.jpg?fit=764%2C510&amp;ssl=1\" class=\"size-full wp-image-3515\" src=\"https:\/\/i0.wp.com\/mundosemfim.com\/wp-content\/uploads\/2015\/05\/53-machu-picchu.jpg?resize=764%2C510&#038;ssl=1\" alt=\"Michele, Renan e Mucuvinha em Machu Picchu\" width=\"764\" height=\"510\" srcset=\"https:\/\/i0.wp.com\/mundosemfim.com\/wp-content\/uploads\/2015\/05\/53-machu-picchu.jpg?w=1231&amp;ssl=1 1231w, https:\/\/i0.wp.com\/mundosemfim.com\/wp-content\/uploads\/2015\/05\/53-machu-picchu.jpg?resize=300%2C200&amp;ssl=1 300w, https:\/\/i0.wp.com\/mundosemfim.com\/wp-content\/uploads\/2015\/05\/53-machu-picchu.jpg?resize=768%2C512&amp;ssl=1 768w, https:\/\/i0.wp.com\/mundosemfim.com\/wp-content\/uploads\/2015\/05\/53-machu-picchu.jpg?resize=1024%2C683&amp;ssl=1 1024w\" sizes=\"auto, (max-width: 764px) 100vw, 764px\" \/><figcaption id=\"caption-attachment-3515\" class=\"wp-caption-text\">Michele, Renan e Mucuvinha em Machu Picchu<\/figcaption><\/figure>\n<p><strong>Michele Martins<\/strong> tem 35 anos e \u00e9 formada em administra\u00e7\u00e3o.<\/p>\n<p><strong>Renan Greinert<\/strong> tem 34 anos e \u00e9 formado em engenharia.<\/p>\n<p><strong>Mucuvinha <\/strong>tem 6 anos e adora sorvete.<\/p>\n<h3><strong>Como tudo come\u00e7ou?<\/strong><\/h3>\n<p>\u00c9 dif\u00edcil definir quando exatamente os planos desta viagem come\u00e7aram, mas a semente foi plantada l\u00e1 por volta de 2009, quando eu (Renan) fiz meu primeiro mochil\u00e3o pela Am\u00e9rica do Sul. Foi um mochil\u00e3o curto, de f\u00e9rias, passando rapidamente pelo Peru e Bol\u00edvia. Mas, no caminho, conheci muita gente que estava viajando h\u00e1 alguns meses (ou anos).<br \/>\nViajar por v\u00e1rios meses? Eu nunca tinha pensado nesta possibilidade antes. Mas aquela ideia me encantou. Decidi que, quando sa\u00edsse do meu emprego atual, tiraria uns 6 meses de folga para viajar pela Am\u00e9rica Latina.<\/p>\n<p>Mas n\u00e3o foi assim que aconteceu. Apareceu uma oportunidade de trabalho em S\u00e3o Paulo e eu corri atr\u00e1s, deixando aquele velho sonho de lado. E ent\u00e3o mudei de emprego mais uma vez. Nada ainda. Mas eu continuava juntando dinheiro, pensando em um dia realizar a t\u00e3o sonhada viagem.<\/p>\n<p>Nesse meio tempo conheci a Michele e come\u00e7amos a namorar. Contei para ela sobre este desejo de conhecer a Am\u00e9rica Latina e passamos a juntar dinheiro juntos. Come\u00e7amos e ver v\u00eddeos de viagens e a ler livros de pessoas que largaram tudo para conhecer o mundo. Nosso sonho foi aumentando, e vimos que 6 meses n\u00e3o seriam suficientes. Em vez de Am\u00e9rica Latina, nossa ambi\u00e7\u00e3o agora era conhecer o mundo todo.<\/p>\n<p>Foi s\u00f3 em meados de 2015 que uma combina\u00e7\u00e3o de fatores decidiu nosso destino. A Michele pediu as contas de onde ela trabalhava e eu, por coincid\u00eancia, fui demitido no mesmo dia. Encaramos como um sinal: pegamos o dinheiro do acerto, nossas antigas economias, vendemos tudo o que t\u00ednhamos e nos jogamos na estrada.<\/p>\n<h3><strong>Valeu a pena?<\/strong><\/h3>\n<p>Com certeza. Hoje, quase 4 anos depois, j\u00e1 percorremos grande parte do mundo, visitamos pa\u00edses que nem sab\u00edamos que existiam, aprendemos muito, vivemos experi\u00eancias \u00fanicas e derrubamos muitos preconceitos.<\/p>\n<p>\u00c9 dif\u00edcil saber onde estar\u00edamos se continu\u00e1ssemos com nossas vidas antigas. Talvez tiv\u00e9ssemos em empregos melhores, recebendo bons sal\u00e1rios e vivendo com bastante conforto. Talvez j\u00e1 tiv\u00e9ssemos comprado nossa casa e tido um filho. Ou talvez estiv\u00e9ssemos desempregados, enfrentando as dificuldades que vieram com a crise. Quem sabe? O \u00fanico que sabemos \u00e9 que, nestes poucos anos na estrada, vivemos muito mais do que viver\u00edamos em 100 anos de uma vida &#8220;normal&#8221;.<\/p>\n<p>E que venham mais pa\u00edses pela frente!<\/p>\n<p><strong>Contato:<\/strong><br \/>\nrenan@mundosemfim.com<\/p>\n<p><strong>Facebook:<br \/>\n<\/strong><a href=\"http:\/\/www.facebook.com\/mundosemfimoficial\">www.facebook.com\/mundosemfimoficial<\/a><\/p>\n<p>Se quiser saber mais de n\u00f3s, aqui est\u00e3o algumas not\u00edcias:<\/p>\n<ul>\n<li><a href=\"http:\/\/nomadesdigitais.com\/sem-emprego-e-com-pouca-grana-casal-coloca-o-pe-na-estrada-para-realizar-o-sonho-de-conhecer-o-mundo-todo\/\">Sem emprego e com pouca grana, casal coloca o p\u00e9 na estrada para realizar o sonho de conhecer o mundo todo<\/a> (N\u00f4mades Digitais)<\/li>\n<li><a href=\"http:\/\/guiaviajarmelhor.com.br\/caribe-mochileiro-relata-como-e-viajar-para-a-venezuela-em-tempos-de-crise\/\">Mochileiro relata como \u00e9 viajar para a Venezuela em tempos de crise<\/a> (Guia Viajar Melhor)<\/li>\n<li><a href=\"https:\/\/fotografiandomf.wordpress.com\/2017\/05\/22\/peligro-no-vayan-a-honduras\/\">Peligro, no vayan a Honduras!<\/a> (Fotografiando)<\/li>\n<li><a href=\"http:\/\/maeefilhatrips.com.br\/2018\/03\/18\/casal-se-conhecem-em-festa-de-grupo-mochileiros-do-facebook-e-estao-dando-volta-ao-mundo-entrevista-news\/\">Casal se conhece em festa do Mochileiros e est\u00e1 dando a volta ao mundo<\/a> (M\u00e3e e Filha trips)<\/li>\n<li><a href=\"https:\/\/super.abril.com.br\/cultura\/perolas-do-streaming-o-melhor-do-youtube-e-do-netflix-em-novembro\/\">P\u00e9rolas do streaming: o melhor do Youtube e do Netflix em novembro<\/a> (Superinteressante)<\/li>\n<li><a href=\"https:\/\/www.gutenberg.com.br\/l\/o-casal-de-aventureiros-que-viaja-o-mundo-sem-dia-hora-para-voltar\/\">O casal de aventureiros que viaja o mundo sem dia para voltar<\/a> (Gutenberg)<\/li>\n<\/ul>\n","protected":false},"excerpt":{"rendered":"<p>Assim como a maioria das pessoas, n\u00f3s tamb\u00e9m somos apaixonados por viagens. Como um m\u00eas de f\u00e9rias por ano j\u00e1 n\u00e3o era mais\u00a0suficiente para saciar nossa sede por estradas, decidimos largar nossos\u00a0empregos, fam\u00edlias e o conforto de nosso lar para viajar pelos cinco continentes. No dia 29 de setembro de 2015 deixamos o Brasil para [&hellip;]<\/p>\n","protected":false},"author":1,"featured_media":0,"parent":0,"menu_order":0,"comment_status":"open","ping_status":"open","template":"","meta":{"jetpack_post_was_ever_published":false,"footnotes":""},"tags":[],"class_list":["post-141","page","type-page","status-publish","hentry"],"yoast_head":"<!-- This site is optimized with the Yoast SEO plugin v27.4 - https:\/\/yoast.com\/product\/yoast-seo-wordpress\/ -->\n<title>Sobre - Mundo Sem Fim<\/title>\n<meta name=\"robots\" content=\"index, follow, max-snippet:-1, max-image-preview:large, max-video-preview:-1\" \/>\n<link rel=\"canonical\" href=\"https:\/\/mundosemfim.com\/?page_id=141\" \/>\n<meta property=\"og:locale\" content=\"pt_BR\" \/>\n<meta property=\"og:type\" content=\"article\" \/>\n<meta property=\"og:title\" content=\"Sobre - Mundo Sem Fim\" \/>\n<meta property=\"og:description\" content=\"Assim como a maioria das pessoas, n\u00f3s tamb\u00e9m somos apaixonados por viagens. Como um m\u00eas de f\u00e9rias por ano j\u00e1 n\u00e3o era mais\u00a0suficiente para saciar nossa sede por estradas, decidimos largar nossos\u00a0empregos, fam\u00edlias e o conforto de nosso lar para viajar pelos cinco continentes. No dia 29 de setembro de 2015 deixamos o Brasil para [&hellip;]\" \/>\n<meta property=\"og:url\" content=\"https:\/\/mundosemfim.com\/?page_id=141\" \/>\n<meta property=\"og:site_name\" content=\"Mundo Sem Fim\" \/>\n<meta property=\"article:publisher\" content=\"http:\/\/www.facebook.com\/mundosemfimoficial\" \/>\n<meta property=\"article:modified_time\" content=\"2020-04-20T18:57:50+00:00\" \/>\n<meta property=\"og:image\" content=\"https:\/\/mundosemfim.com\/wp-content\/uploads\/2015\/05\/53-machu-picchu.jpg\" \/>\n<meta name=\"twitter:card\" content=\"summary_large_image\" \/>\n<meta name=\"twitter:label1\" content=\"Est. tempo de leitura\" \/>\n\t<meta name=\"twitter:data1\" content=\"4 minutos\" \/>\n<script type=\"application\/ld+json\" class=\"yoast-schema-graph\">{\"@context\":\"https:\\\/\\\/schema.org\",\"@graph\":[{\"@type\":\"WebPage\",\"@id\":\"https:\\\/\\\/mundosemfim.com\\\/?page_id=141\",\"url\":\"https:\\\/\\\/mundosemfim.com\\\/?page_id=141\",\"name\":\"Sobre - Mundo Sem Fim\",\"isPartOf\":{\"@id\":\"https:\\\/\\\/mundosemfim.com\\\/#website\"},\"primaryImageOfPage\":{\"@id\":\"https:\\\/\\\/mundosemfim.com\\\/?page_id=141#primaryimage\"},\"image\":{\"@id\":\"https:\\\/\\\/mundosemfim.com\\\/?page_id=141#primaryimage\"},\"thumbnailUrl\":\"https:\\\/\\\/mundosemfim.com\\\/wp-content\\\/uploads\\\/2015\\\/05\\\/53-machu-picchu.jpg\",\"datePublished\":\"2015-05-17T20:33:22+00:00\",\"dateModified\":\"2020-04-20T18:57:50+00:00\",\"breadcrumb\":{\"@id\":\"https:\\\/\\\/mundosemfim.com\\\/?page_id=141#breadcrumb\"},\"inLanguage\":\"pt-BR\",\"potentialAction\":[{\"@type\":\"ReadAction\",\"target\":[\"https:\\\/\\\/mundosemfim.com\\\/?page_id=141\"]}]},{\"@type\":\"ImageObject\",\"inLanguage\":\"pt-BR\",\"@id\":\"https:\\\/\\\/mundosemfim.com\\\/?page_id=141#primaryimage\",\"url\":\"https:\\\/\\\/i0.wp.com\\\/mundosemfim.com\\\/wp-content\\\/uploads\\\/2015\\\/05\\\/53-machu-picchu.jpg?fit=1231%2C821&ssl=1\",\"contentUrl\":\"https:\\\/\\\/i0.wp.com\\\/mundosemfim.com\\\/wp-content\\\/uploads\\\/2015\\\/05\\\/53-machu-picchu.jpg?fit=1231%2C821&ssl=1\",\"width\":1231,\"height\":821,\"caption\":\"Michele, Renan e Mucuvinha em Machu Picchu\"},{\"@type\":\"BreadcrumbList\",\"@id\":\"https:\\\/\\\/mundosemfim.com\\\/?page_id=141#breadcrumb\",\"itemListElement\":[{\"@type\":\"ListItem\",\"position\":1,\"name\":\"In\u00edcio\",\"item\":\"https:\\\/\\\/mundosemfim.com\\\/\"},{\"@type\":\"ListItem\",\"position\":2,\"name\":\"Sobre\"}]},{\"@type\":\"WebSite\",\"@id\":\"https:\\\/\\\/mundosemfim.com\\\/#website\",\"url\":\"https:\\\/\\\/mundosemfim.com\\\/\",\"name\":\"Mundo Sem Fim\",\"description\":\"uma viagem de volta ao mundo pelos 5 continentes!\",\"potentialAction\":[{\"@type\":\"SearchAction\",\"target\":{\"@type\":\"EntryPoint\",\"urlTemplate\":\"https:\\\/\\\/mundosemfim.com\\\/?s={search_term_string}\"},\"query-input\":{\"@type\":\"PropertyValueSpecification\",\"valueRequired\":true,\"valueName\":\"search_term_string\"}}],\"inLanguage\":\"pt-BR\"}]}<\/script>\n<!-- \/ Yoast SEO plugin. -->","yoast_head_json":{"title":"Sobre - Mundo Sem Fim","robots":{"index":"index","follow":"follow","max-snippet":"max-snippet:-1","max-image-preview":"max-image-preview:large","max-video-preview":"max-video-preview:-1"},"canonical":"https:\/\/mundosemfim.com\/?page_id=141","og_locale":"pt_BR","og_type":"article","og_title":"Sobre - Mundo Sem Fim","og_description":"Assim como a maioria das pessoas, n\u00f3s tamb\u00e9m somos apaixonados por viagens. Como um m\u00eas de f\u00e9rias por ano j\u00e1 n\u00e3o era mais\u00a0suficiente para saciar nossa sede por estradas, decidimos largar nossos\u00a0empregos, fam\u00edlias e o conforto de nosso lar para viajar pelos cinco continentes. No dia 29 de setembro de 2015 deixamos o Brasil para [&hellip;]","og_url":"https:\/\/mundosemfim.com\/?page_id=141","og_site_name":"Mundo Sem Fim","article_publisher":"http:\/\/www.facebook.com\/mundosemfimoficial","article_modified_time":"2020-04-20T18:57:50+00:00","og_image":[{"url":"https:\/\/mundosemfim.com\/wp-content\/uploads\/2015\/05\/53-machu-picchu.jpg","type":"","width":"","height":""}],"twitter_card":"summary_large_image","twitter_misc":{"Est. tempo de leitura":"4 minutos"},"schema":{"@context":"https:\/\/schema.org","@graph":[{"@type":"WebPage","@id":"https:\/\/mundosemfim.com\/?page_id=141","url":"https:\/\/mundosemfim.com\/?page_id=141","name":"Sobre - Mundo Sem Fim","isPartOf":{"@id":"https:\/\/mundosemfim.com\/#website"},"primaryImageOfPage":{"@id":"https:\/\/mundosemfim.com\/?page_id=141#primaryimage"},"image":{"@id":"https:\/\/mundosemfim.com\/?page_id=141#primaryimage"},"thumbnailUrl":"https:\/\/mundosemfim.com\/wp-content\/uploads\/2015\/05\/53-machu-picchu.jpg","datePublished":"2015-05-17T20:33:22+00:00","dateModified":"2020-04-20T18:57:50+00:00","breadcrumb":{"@id":"https:\/\/mundosemfim.com\/?page_id=141#breadcrumb"},"inLanguage":"pt-BR","potentialAction":[{"@type":"ReadAction","target":["https:\/\/mundosemfim.com\/?page_id=141"]}]},{"@type":"ImageObject","inLanguage":"pt-BR","@id":"https:\/\/mundosemfim.com\/?page_id=141#primaryimage","url":"https:\/\/i0.wp.com\/mundosemfim.com\/wp-content\/uploads\/2015\/05\/53-machu-picchu.jpg?fit=1231%2C821&ssl=1","contentUrl":"https:\/\/i0.wp.com\/mundosemfim.com\/wp-content\/uploads\/2015\/05\/53-machu-picchu.jpg?fit=1231%2C821&ssl=1","width":1231,"height":821,"caption":"Michele, Renan e Mucuvinha em Machu Picchu"},{"@type":"BreadcrumbList","@id":"https:\/\/mundosemfim.com\/?page_id=141#breadcrumb","itemListElement":[{"@type":"ListItem","position":1,"name":"In\u00edcio","item":"https:\/\/mundosemfim.com\/"},{"@type":"ListItem","position":2,"name":"Sobre"}]},{"@type":"WebSite","@id":"https:\/\/mundosemfim.com\/#website","url":"https:\/\/mundosemfim.com\/","name":"Mundo Sem Fim","description":"uma viagem de volta ao mundo pelos 5 continentes!","potentialAction":[{"@type":"SearchAction","target":{"@type":"EntryPoint","urlTemplate":"https:\/\/mundosemfim.com\/?s={search_term_string}"},"query-input":{"@type":"PropertyValueSpecification","valueRequired":true,"valueName":"search_term_string"}}],"inLanguage":"pt-BR"}]}},"jetpack_sharing_enabled":true,"jetpack_shortlink":"https:\/\/wp.me\/P7CQyF-2h","jetpack-related-posts":[{"id":7672,"url":"https:\/\/mundosemfim.com\/?page_id=7672","url_meta":{"origin":141,"position":0},"title":"Volta ao mundo &#8211; perguntas mais frequentes","author":"Renan","date":"fevereiro 18, 2018","format":false,"excerpt":"Muita gente tem nos mandado v\u00e1rias perguntas sobre a viagem. Como fazemos com o dinheiro, como \u00e9 a quest\u00e3o da sa\u00fade e da seguran\u00e7a, etc. Aqui listamos as principais d\u00favidas do pessoal: Qual seguro de sa\u00fade voc\u00eas usam? Nenhum. N\u00f3s avaliamos e optamos por correr o risco de viajar sem,\u2026","rel":"","context":"Em \"FAQ\"","block_context":{"text":"FAQ","link":"https:\/\/mundosemfim.com\/?tag=faq"},"img":{"alt_text":"","src":"https:\/\/i0.wp.com\/mundosemfim.com\/wp-content\/uploads\/2018\/02\/faq-2639673_1280.jpg?fit=1200%2C533&ssl=1&resize=350%2C200","width":350,"height":200,"srcset":"https:\/\/i0.wp.com\/mundosemfim.com\/wp-content\/uploads\/2018\/02\/faq-2639673_1280.jpg?fit=1200%2C533&ssl=1&resize=350%2C200 1x, https:\/\/i0.wp.com\/mundosemfim.com\/wp-content\/uploads\/2018\/02\/faq-2639673_1280.jpg?fit=1200%2C533&ssl=1&resize=525%2C300 1.5x, https:\/\/i0.wp.com\/mundosemfim.com\/wp-content\/uploads\/2018\/02\/faq-2639673_1280.jpg?fit=1200%2C533&ssl=1&resize=700%2C400 2x, https:\/\/i0.wp.com\/mundosemfim.com\/wp-content\/uploads\/2018\/02\/faq-2639673_1280.jpg?fit=1200%2C533&ssl=1&resize=1050%2C600 3x"},"classes":[]},{"id":4597,"url":"https:\/\/mundosemfim.com\/?page_id=4597","url_meta":{"origin":141,"position":1},"title":"Quanto custa uma viagem de volta ao mundo?","author":"Renan","date":"novembro 9, 2016","format":false,"excerpt":"Quer saber quanto custa uma volta ao mundo? Aqui vamos compartilhando com voc\u00eas o andamento da nossa viagem, assim como os nossos gastos at\u00e9 agora! **\u00faltima atualiza\u00e7\u00e3o: 01\/05\/2019** Este \u00e9 o mapa do que j\u00e1 viajamos at\u00e9 o momento: Se quiser dar uma olhada no mapa com mais detalhes, de\u2026","rel":"","context":"Em \"gastos\"","block_context":{"text":"gastos","link":"https:\/\/mundosemfim.com\/?tag=gastos"},"img":{"alt_text":"Roteiro volta ao mundo","src":"https:\/\/i0.wp.com\/mundosemfim.com\/wp-content\/uploads\/2018\/08\/mapa.jpg?fit=823%2C485&ssl=1&resize=350%2C200","width":350,"height":200,"srcset":"https:\/\/i0.wp.com\/mundosemfim.com\/wp-content\/uploads\/2018\/08\/mapa.jpg?fit=823%2C485&ssl=1&resize=350%2C200 1x, https:\/\/i0.wp.com\/mundosemfim.com\/wp-content\/uploads\/2018\/08\/mapa.jpg?fit=823%2C485&ssl=1&resize=525%2C300 1.5x, https:\/\/i0.wp.com\/mundosemfim.com\/wp-content\/uploads\/2018\/08\/mapa.jpg?fit=823%2C485&ssl=1&resize=700%2C400 2x"},"classes":[]},{"id":3559,"url":"https:\/\/mundosemfim.com\/?page_id=3559","url_meta":{"origin":141,"position":2},"title":"Como entrar em Machu Picchu sem pagar","author":"Renan","date":"junho 16, 2016","format":false,"excerpt":"Sempre, em discuss\u00f5es de mochileiros pelo Peru, surge o assunto: \u00e9 poss\u00edvel entrar em Machu Picchu sem pagar? Sim, algumas pessoas conseguem fazer isso. Ainda que seja muito arriscado,\u00a0aqui discutimos um pouco este assunto. Antes de escrever este artigo, pensamos v\u00e1rias vezes se dever\u00edamos public\u00e1-lo ou n\u00e3o. Apesar de sermos\u2026","rel":"","context":"Em \"machu picchu sem pagar\"","block_context":{"text":"machu picchu sem pagar","link":"https:\/\/mundosemfim.com\/?tag=machu-picchu-sem-pagar"},"img":{"alt_text":"","src":"https:\/\/i0.wp.com\/mundosemfim.com\/wp-content\/uploads\/2016\/06\/caminho-trilha-inca.png?fit=960%2C624&ssl=1&resize=350%2C200","width":350,"height":200,"srcset":"https:\/\/i0.wp.com\/mundosemfim.com\/wp-content\/uploads\/2016\/06\/caminho-trilha-inca.png?fit=960%2C624&ssl=1&resize=350%2C200 1x, https:\/\/i0.wp.com\/mundosemfim.com\/wp-content\/uploads\/2016\/06\/caminho-trilha-inca.png?fit=960%2C624&ssl=1&resize=525%2C300 1.5x, https:\/\/i0.wp.com\/mundosemfim.com\/wp-content\/uploads\/2016\/06\/caminho-trilha-inca.png?fit=960%2C624&ssl=1&resize=700%2C400 2x"},"classes":[]}],"_links":{"self":[{"href":"https:\/\/mundosemfim.com\/index.php?rest_route=\/wp\/v2\/pages\/141","targetHints":{"allow":["GET"]}}],"collection":[{"href":"https:\/\/mundosemfim.com\/index.php?rest_route=\/wp\/v2\/pages"}],"about":[{"href":"https:\/\/mundosemfim.com\/index.php?rest_route=\/wp\/v2\/types\/page"}],"author":[{"embeddable":true,"href":"https:\/\/mundosemfim.com\/index.php?rest_route=\/wp\/v2\/users\/1"}],"replies":[{"embeddable":true,"href":"https:\/\/mundosemfim.com\/index.php?rest_route=%2Fwp%2Fv2%2Fcomments&post=141"}],"version-history":[{"count":9,"href":"https:\/\/mundosemfim.com\/index.php?rest_route=\/wp\/v2\/pages\/141\/revisions"}],"predecessor-version":[{"id":9746,"href":"https:\/\/mundosemfim.com\/index.php?rest_route=\/wp\/v2\/pages\/141\/revisions\/9746"}],"wp:attachment":[{"href":"https:\/\/mundosemfim.com\/index.php?rest_route=%2Fwp%2Fv2%2Fmedia&parent=141"}],"wp:term":[{"taxonomy":"post_tag","embeddable":true,"href":"https:\/\/mundosemfim.com\/index.php?rest_route=%2Fwp%2Fv2%2Ftags&post=141"}],"curies":[{"name":"wp","href":"https:\/\/api.w.org\/{rel}","templated":true}]}}